{"id":244882,"date":"2023-01-27T16:29:44","date_gmt":"2023-01-27T22:29:44","guid":{"rendered":"https:\/\/thebusiness.reviews\/?post_type=product&#038;p=244882"},"modified":"2025-04-13T11:30:44","modified_gmt":"2025-04-13T17:30:44","slug":"plan-basico-15-resenas-al-mes","status":"publish","type":"product","link":"https:\/\/thebusiness.reviews\/fr\/producto\/plan-basico-15-resenas-al-mes\/","title":{"rendered":"Plan B\u00e1sico &#8211; 10 Rese\u00f1as."},"content":{"rendered":"<p>Equivalente a 10 Rese\u00f1as al mes en AppStore y PlayStore<\/p>\n<div style='text-align:center' class='yasr-auto-insert-visitor'><!--Yasr Visitor Votes Shortcode--><div id='yasr_visitor_votes_386d06d6319e7' class='yasr-visitor-votes'><div class=\"yasr-custom-text-vv-before yasr-custom-text-vv-before-244882\">\u00a1Haz clic para puntuar esta entrada!<\/div><div id='yasr-vv-second-row-container-386d06d6319e7'\r\n                                        class='yasr-vv-second-row-container'><div id='yasr-visitor-votes-rater-386d06d6319e7'\r\n                                      class='yasr-rater-stars-vv'\r\n                                      data-rater-postid='244882'\r\n                                      data-rating='5'\r\n                                      data-rater-starsize='32'\r\n                                      data-rater-readonly='false'\r\n                                      data-rater-nonce='551d4c0740'\r\n                                      data-issingular='false'\r\n                                    ><\/div><div class=\"yasr-vv-stats-text-container\" id=\"yasr-vv-stats-text-container-386d06d6319e7\"><svg xmlns=\"https:\/\/www.w3.org\/2000\/svg\" width=\"20\" height=\"20\"\r\n                                   class=\"yasr-dashicons-visitor-stats\"\r\n                                   data-postid=\"244882\"\r\n                                   id=\"yasr-stats-dashicon-386d06d6319e7\">\r\n                                   <path d=\"M18 18v-16h-4v16h4zM12 18v-11h-4v11h4zM6 18v-8h-4v8h4z\"><\/path>\r\n                               <\/svg><span id=\"yasr-vv-text-container-386d06d6319e7\" class=\"yasr-vv-text-container\">(Votos: <span id=\"yasr-vv-votes-number-container-386d06d6319e7\">1<\/span>  Promedio: <span id=\"yasr-vv-average-container-386d06d6319e7\">5<\/span>)<\/span><\/div><div id='yasr-vv-loader-386d06d6319e7' class='yasr-vv-container-loader'><\/div><\/div><div id='yasr-vv-bottom-container-386d06d6319e7' class='yasr-vv-bottom-container'><\/div><\/div><!--End Yasr Visitor Votes Shortcode--><\/div>","protected":false},"excerpt":{"rendered":"<div class=\"woocommerce-tabs wc-tabs-wrapper\">\n<div id=\"tab-description\" class=\"woocommerce-Tabs-panel woocommerce-Tabs-panel--description panel entry-content wc-tab\" role=\"tabpanel\" aria-labelledby=\"tab-title-description\">\n<p>Equivalente a 10 Rese\u00f1as al mes en AppStore y PlayStore<\/p>\n<\/div>\n<\/div>\n","protected":false},"featured_media":899,"comment_status":"open","ping_status":"closed","template":"","meta":{"_et_pb_use_builder":"","_et_pb_old_content":"","_et_gb_content_width":"","yasr_overall_rating":0,"yasr_post_is_review":"","yasr_auto_insert_disabled":"","yasr_review_type":""},"product_brand":[],"product_cat":[62],"product_tag":[],"class_list":{"0":"post-244882","1":"product","2":"type-product","3":"status-publish","4":"has-post-thumbnail","6":"product_cat-planes-es","8":"first","9":"instock","10":"virtual","11":"purchasable","12":"product-type-simple"},"yoast_head":"<!-- This site is optimized with the Yoast SEO Premium plugin v21.5 (Yoast SEO v27.4) - https:\/\/yoast.com\/product\/yoast-seo-premium-wordpress\/ -->\n<title>Plan B\u00e1sico - 10 Rese\u00f1as.<\/title>\n<meta name=\"robots\" content=\"index, follow, max-snippet:-1, max-image-preview:large, max-video-preview:-1\" \/>\n<link rel=\"canonical\" href=\"https:\/\/thebusiness.reviews\/fr\/producto\/plan-basico-15-resenas-al-mes\/\" \/>\n<meta property=\"og:locale\" content=\"fr_FR\" \/>\n<meta property=\"og:type\" content=\"article\" \/>\n<meta property=\"og:title\" content=\"Plan B\u00e1sico - 10 Rese\u00f1as.\" \/>\n<meta property=\"og:description\" content=\"Equivalente a 10 Rese\u00f1as al mes en AppStore y PlayStore\" \/>\n<meta property=\"og:url\" content=\"https:\/\/thebusiness.reviews\/fr\/producto\/plan-basico-15-resenas-al-mes\/\" \/>\n<meta property=\"og:site_name\" content=\"The Business Reviews\" \/>\n<meta property=\"article:modified_time\" content=\"2025-04-13T17:30:44+00:00\" \/>\n<meta property=\"og:image\" content=\"https:\/\/thebusiness.reviews\/wp-content\/uploads\/2020\/09\/anuncios-de-display.-1200x627-Bissnes.jpg\" \/>\n\t<meta property=\"og:image:width\" content=\"1200\" \/>\n\t<meta property=\"og:image:height\" content=\"627\" \/>\n\t<meta property=\"og:image:type\" content=\"image\/jpeg\" \/>\n<meta name=\"twitter:card\" content=\"summary_large_image\" \/>\n<meta name=\"twitter:label1\" content=\"Dur\u00e9e de lecture estim\u00e9e\" \/>\n\t<meta name=\"twitter:data1\" content=\"1 minute\" \/>\n<script type=\"application\/ld+json\" class=\"yoast-schema-graph\">{\"@context\":\"https:\\\/\\\/schema.org\",\"@graph\":[{\"@type\":\"WebPage\",\"@id\":\"https:\\\/\\\/thebusiness.reviews\\\/fr\\\/producto\\\/plan-basico-15-resenas-al-mes\\\/\",\"url\":\"https:\\\/\\\/thebusiness.reviews\\\/fr\\\/producto\\\/plan-basico-15-resenas-al-mes\\\/\",\"name\":\"Plan B\u00e1sico - 10 Rese\u00f1as.\",\"isPartOf\":{\"@id\":\"https:\\\/\\\/thebusiness.reviews\\\/fr\\\/#website\"},\"primaryImageOfPage\":{\"@id\":\"https:\\\/\\\/thebusiness.reviews\\\/fr\\\/producto\\\/plan-basico-15-resenas-al-mes\\\/#primaryimage\"},\"image\":{\"@id\":\"https:\\\/\\\/thebusiness.reviews\\\/fr\\\/producto\\\/plan-basico-15-resenas-al-mes\\\/#primaryimage\"},\"thumbnailUrl\":\"https:\\\/\\\/thebusiness.reviews\\\/wp-content\\\/uploads\\\/2020\\\/09\\\/anuncios-de-display.-1200x627-Bissnes.jpg\",\"datePublished\":\"2023-01-27T22:29:44+00:00\",\"dateModified\":\"2025-04-13T17:30:44+00:00\",\"breadcrumb\":{\"@id\":\"https:\\\/\\\/thebusiness.reviews\\\/fr\\\/producto\\\/plan-basico-15-resenas-al-mes\\\/#breadcrumb\"},\"inLanguage\":\"fr-FR\",\"potentialAction\":[{\"@type\":\"ReadAction\",\"target\":[\"https:\\\/\\\/thebusiness.reviews\\\/fr\\\/producto\\\/plan-basico-15-resenas-al-mes\\\/\"]}]},{\"@type\":\"ImageObject\",\"inLanguage\":\"fr-FR\",\"@id\":\"https:\\\/\\\/thebusiness.reviews\\\/fr\\\/producto\\\/plan-basico-15-resenas-al-mes\\\/#primaryimage\",\"url\":\"https:\\\/\\\/thebusiness.reviews\\\/wp-content\\\/uploads\\\/2020\\\/09\\\/anuncios-de-display.-1200x627-Bissnes.jpg\",\"contentUrl\":\"https:\\\/\\\/thebusiness.reviews\\\/wp-content\\\/uploads\\\/2020\\\/09\\\/anuncios-de-display.-1200x627-Bissnes.jpg\",\"width\":1200,\"height\":627},{\"@type\":\"BreadcrumbList\",\"@id\":\"https:\\\/\\\/thebusiness.reviews\\\/fr\\\/producto\\\/plan-basico-15-resenas-al-mes\\\/#breadcrumb\",\"itemListElement\":[{\"@type\":\"ListItem\",\"position\":1,\"name\":\"Portada\",\"item\":\"https:\\\/\\\/thebusiness.reviews\\\/fr\\\/\"},{\"@type\":\"ListItem\",\"position\":2,\"name\":\"Plan B\u00e1sico &#8211; 10 Rese\u00f1as.\"}]},{\"@type\":\"WebSite\",\"@id\":\"https:\\\/\\\/thebusiness.reviews\\\/fr\\\/#website\",\"url\":\"https:\\\/\\\/thebusiness.reviews\\\/fr\\\/\",\"name\":\"The Business Reviews\",\"description\":\"\",\"potentialAction\":[{\"@type\":\"SearchAction\",\"target\":{\"@type\":\"EntryPoint\",\"urlTemplate\":\"https:\\\/\\\/thebusiness.reviews\\\/fr\\\/?s={search_term_string}\"},\"query-input\":{\"@type\":\"PropertyValueSpecification\",\"valueRequired\":true,\"valueName\":\"search_term_string\"}}],\"inLanguage\":\"fr-FR\"},{\"@context\":\"https:\\\/\\\/schema.org\\\/\",\"@type\":\"Product\",\"name\":\"Plan B\u00e1sico - 15 Rese\u00f1as al Mes\",\"description\":\"\",\"image\":{\"@type\":\"ImageObject\",\"url\":\"https:\\\/\\\/thebusiness.reviews\\\/wp-content\\\/uploads\\\/2020\\\/09\\\/anuncios-de-display.-1200x627-Bissnes.jpg\",\"width\":1200,\"height\":627},\"aggregateRating\":{\"@type\":\"AggregateRating\",\"ratingValue\":5,\"ratingCount\":1,\"bestRating\":5,\"worstRating\":1},\"brand\":{\"@type\":\"Brand\",\"name\":\"\"},\"sku\":\"\",\"\":\"\"}]}<\/script>\n<!-- \/ Yoast SEO Premium plugin. -->","yoast_head_json":{"title":"Plan B\u00e1sico - 10 Rese\u00f1as.","robots":{"index":"index","follow":"follow","max-snippet":"max-snippet:-1","max-image-preview":"max-image-preview:large","max-video-preview":"max-video-preview:-1"},"canonical":"https:\/\/thebusiness.reviews\/fr\/producto\/plan-basico-15-resenas-al-mes\/","og_locale":"fr_FR","og_type":"article","og_title":"Plan B\u00e1sico - 10 Rese\u00f1as.","og_description":"Equivalente a 10 Rese\u00f1as al mes en AppStore y PlayStore","og_url":"https:\/\/thebusiness.reviews\/fr\/producto\/plan-basico-15-resenas-al-mes\/","og_site_name":"The Business Reviews","article_modified_time":"2025-04-13T17:30:44+00:00","og_image":[{"width":1200,"height":627,"url":"https:\/\/thebusiness.reviews\/wp-content\/uploads\/2020\/09\/anuncios-de-display.-1200x627-Bissnes.jpg","type":"image\/jpeg"}],"twitter_card":"summary_large_image","twitter_misc":{"Dur\u00e9e de lecture estim\u00e9e":"1 minute"},"schema":{"@context":"https:\/\/schema.org","@graph":[{"@type":"WebPage","@id":"https:\/\/thebusiness.reviews\/fr\/producto\/plan-basico-15-resenas-al-mes\/","url":"https:\/\/thebusiness.reviews\/fr\/producto\/plan-basico-15-resenas-al-mes\/","name":"Plan B\u00e1sico - 10 Rese\u00f1as.","isPartOf":{"@id":"https:\/\/thebusiness.reviews\/fr\/#website"},"primaryImageOfPage":{"@id":"https:\/\/thebusiness.reviews\/fr\/producto\/plan-basico-15-resenas-al-mes\/#primaryimage"},"image":{"@id":"https:\/\/thebusiness.reviews\/fr\/producto\/plan-basico-15-resenas-al-mes\/#primaryimage"},"thumbnailUrl":"https:\/\/thebusiness.reviews\/wp-content\/uploads\/2020\/09\/anuncios-de-display.-1200x627-Bissnes.jpg","datePublished":"2023-01-27T22:29:44+00:00","dateModified":"2025-04-13T17:30:44+00:00","breadcrumb":{"@id":"https:\/\/thebusiness.reviews\/fr\/producto\/plan-basico-15-resenas-al-mes\/#breadcrumb"},"inLanguage":"fr-FR","potentialAction":[{"@type":"ReadAction","target":["https:\/\/thebusiness.reviews\/fr\/producto\/plan-basico-15-resenas-al-mes\/"]}]},{"@type":"ImageObject","inLanguage":"fr-FR","@id":"https:\/\/thebusiness.reviews\/fr\/producto\/plan-basico-15-resenas-al-mes\/#primaryimage","url":"https:\/\/thebusiness.reviews\/wp-content\/uploads\/2020\/09\/anuncios-de-display.-1200x627-Bissnes.jpg","contentUrl":"https:\/\/thebusiness.reviews\/wp-content\/uploads\/2020\/09\/anuncios-de-display.-1200x627-Bissnes.jpg","width":1200,"height":627},{"@type":"BreadcrumbList","@id":"https:\/\/thebusiness.reviews\/fr\/producto\/plan-basico-15-resenas-al-mes\/#breadcrumb","itemListElement":[{"@type":"ListItem","position":1,"name":"Portada","item":"https:\/\/thebusiness.reviews\/fr\/"},{"@type":"ListItem","position":2,"name":"Plan B\u00e1sico &#8211; 10 Rese\u00f1as."}]},{"@type":"WebSite","@id":"https:\/\/thebusiness.reviews\/fr\/#website","url":"https:\/\/thebusiness.reviews\/fr\/","name":"The Business Reviews","description":"","potentialAction":[{"@type":"SearchAction","target":{"@type":"EntryPoint","urlTemplate":"https:\/\/thebusiness.reviews\/fr\/?s={search_term_string}"},"query-input":{"@type":"PropertyValueSpecification","valueRequired":true,"valueName":"search_term_string"}}],"inLanguage":"fr-FR"},{"@context":"https:\/\/schema.org\/","@type":"Product","name":"Plan B\u00e1sico - 15 Rese\u00f1as al Mes","description":"","image":{"@type":"ImageObject","url":"https:\/\/thebusiness.reviews\/wp-content\/uploads\/2020\/09\/anuncios-de-display.-1200x627-Bissnes.jpg","width":1200,"height":627},"aggregateRating":{"@type":"AggregateRating","ratingValue":5,"ratingCount":1,"bestRating":5,"worstRating":1},"brand":{"@type":"Brand","name":""},"sku":"","":""}]}},"yasr_visitor_votes":{"stars_attributes":{"read_only":false,"span_bottom":false},"number_of_votes":1,"sum_votes":5},"_links":{"self":[{"href":"https:\/\/thebusiness.reviews\/fr\/wp-json\/wp\/v2\/product\/244882","targetHints":{"allow":["GET"]}}],"collection":[{"href":"https:\/\/thebusiness.reviews\/fr\/wp-json\/wp\/v2\/product"}],"about":[{"href":"https:\/\/thebusiness.reviews\/fr\/wp-json\/wp\/v2\/types\/product"}],"replies":[{"embeddable":true,"href":"https:\/\/thebusiness.reviews\/fr\/wp-json\/wp\/v2\/comments?post=244882"}],"wp:featuredmedia":[{"embeddable":true,"href":"https:\/\/thebusiness.reviews\/fr\/wp-json\/wp\/v2\/media\/899"}],"wp:attachment":[{"href":"https:\/\/thebusiness.reviews\/fr\/wp-json\/wp\/v2\/media?parent=244882"}],"wp:term":[{"taxonomy":"product_brand","embeddable":true,"href":"https:\/\/thebusiness.reviews\/fr\/wp-json\/wp\/v2\/product_brand?post=244882"},{"taxonomy":"product_cat","embeddable":true,"href":"https:\/\/thebusiness.reviews\/fr\/wp-json\/wp\/v2\/product_cat?post=244882"},{"taxonomy":"product_tag","embeddable":true,"href":"https:\/\/thebusiness.reviews\/fr\/wp-json\/wp\/v2\/product_tag?post=244882"}],"curies":[{"name":"wp","href":"https:\/\/api.w.org\/{rel}","templated":true}]}}