{"id":968,"date":"2020-10-14T07:23:41","date_gmt":"2020-10-14T13:23:41","guid":{"rendered":"https:\/\/thebusiness.reviews\/?post_type=product&#038;p=968"},"modified":"2023-05-16T12:32:59","modified_gmt":"2023-05-16T18:32:59","slug":"comprar-resenas-mensual","status":"publish","type":"product","link":"https:\/\/thebusiness.reviews\/es\/producto\/comprar-resenas-mensual\/","title":{"rendered":"Rese\u00f1as Para Google My Business o Fan page de Facebook"},"content":{"rendered":"<p>Entre m\u00e1s rese\u00f1as compres m\u00e1s barato cuestan, se pueden usar para todos los negocios que tengas de Google My business y Fan page de Facebook, despues de comprar podr\u00e1s utilizarlas en : <a href=\"https:\/\/panel.thebusiness.reviews\/register\">https:\/\/panel.thebusiness.reviews\/register<\/a>.<\/p>\n<div style='text-align:center' class='yasr-auto-insert-visitor'><!--Yasr Visitor Votes Shortcode--><div id='yasr_visitor_votes_6a9e7d1eec2d6' class='yasr-visitor-votes'><div class=\"yasr-custom-text-vv-before yasr-custom-text-vv-before-968\">\u00a1Haz clic para puntuar esta entrada!<\/div><div id='yasr-vv-second-row-container-6a9e7d1eec2d6'\r\n                                        class='yasr-vv-second-row-container'><div id='yasr-visitor-votes-rater-6a9e7d1eec2d6'\r\n                                      class='yasr-rater-stars-vv'\r\n                                      data-rater-postid='968'\r\n                                      data-rating='5'\r\n                                      data-rater-starsize='32'\r\n                                      data-rater-readonly='false'\r\n                                      data-rater-nonce='551d4c0740'\r\n                                      data-issingular='false'\r\n                                    ><\/div><div class=\"yasr-vv-stats-text-container\" id=\"yasr-vv-stats-text-container-6a9e7d1eec2d6\"><svg xmlns=\"https:\/\/www.w3.org\/2000\/svg\" width=\"20\" height=\"20\"\r\n                                   class=\"yasr-dashicons-visitor-stats\"\r\n                                   data-postid=\"968\"\r\n                                   id=\"yasr-stats-dashicon-6a9e7d1eec2d6\">\r\n                                   <path d=\"M18 18v-16h-4v16h4zM12 18v-11h-4v11h4zM6 18v-8h-4v8h4z\"><\/path>\r\n                               <\/svg><span id=\"yasr-vv-text-container-6a9e7d1eec2d6\" class=\"yasr-vv-text-container\">(Votos: <span id=\"yasr-vv-votes-number-container-6a9e7d1eec2d6\">1<\/span>  Promedio: <span id=\"yasr-vv-average-container-6a9e7d1eec2d6\">5<\/span>)<\/span><\/div><div id='yasr-vv-loader-6a9e7d1eec2d6' class='yasr-vv-container-loader'><\/div><\/div><div id='yasr-vv-bottom-container-6a9e7d1eec2d6' class='yasr-vv-bottom-container'><\/div><\/div><!--End Yasr Visitor Votes Shortcode--><\/div>","protected":false},"excerpt":{"rendered":"<p>Entre m\u00e1s rese\u00f1as compres m\u00e1s barato cuestan, se pueden usar para todos los negocios que tengas de Google My business y Fan page de Facebook, despues de comprar podr\u00e1s utilizarlas en : <a href=\"https:\/\/panel.thebusiness.reviews\/register\">https:\/\/panel.thebusiness.reviews\/register<\/a>.<\/p>\n<p>Rese\u00f1as de usuarios 100% Reales segmentados por pa\u00eds que elijas, no bots, nombres reales, tenemos en: Espa\u00f1a, M\u00e9xico, Chile, Argentina, Colombia y todo habla hispana.<\/p>\n<p>Tambi\u00e9n contamos con rese\u00f1as bajo demanda, sin plan mensual en: <a href=\"https:\/\/thebusiness.reviews\/producto\/comprar-resenas\/\">https:\/\/thebusiness.reviews\/producto\/comprar-resenas\/<\/a><\/p>\n","protected":false},"featured_media":887,"comment_status":"open","ping_status":"closed","template":"","meta":{"_et_pb_use_builder":"","_et_pb_old_content":"","_et_gb_content_width":"","yasr_overall_rating":0,"yasr_post_is_review":"","yasr_auto_insert_disabled":"","yasr_review_type":""},"product_brand":[],"product_cat":[62],"product_tag":[],"class_list":{"0":"post-968","1":"product","2":"type-product","3":"status-publish","4":"has-post-thumbnail","6":"product_cat-planes-es","8":"first","9":"instock","10":"virtual","11":"purchasable","12":"product-type-simple"},"yoast_head":"<!-- This site is optimized with the Yoast SEO Premium plugin v21.5 (Yoast SEO v27.4) - https:\/\/yoast.com\/product\/yoast-seo-premium-wordpress\/ -->\n<title>Rese\u00f1as Para Google My Business o Fan page de Facebook<\/title>\n<meta name=\"robots\" content=\"index, follow, max-snippet:-1, max-image-preview:large, max-video-preview:-1\" \/>\n<link rel=\"canonical\" href=\"https:\/\/thebusiness.reviews\/es\/producto\/comprar-resenas-mensual\/\" \/>\n<meta property=\"og:locale\" content=\"es_ES\" \/>\n<meta property=\"og:type\" content=\"article\" \/>\n<meta property=\"og:title\" content=\"Rese\u00f1as Para Google My Business o Fan page de Facebook\" \/>\n<meta property=\"og:description\" content=\"Entre m\u00e1s rese\u00f1as compres m\u00e1s barato cuestan, se pueden usar para todos los negocios que tengas de Google My business y Fan page de Facebook, despues de comprar podr\u00e1s utilizarlas en : https:\/\/panel.thebusiness.reviews\/register.  Rese\u00f1as de usuarios 100% Reales segmentados por pa\u00eds que elijas, no bots, nombres reales, tenemos en: Espa\u00f1a, M\u00e9xico, Chile, Argentina, Colombia y todo habla hispana.  Tambi\u00e9n contamos con rese\u00f1as bajo demanda, sin plan mensual en: https:\/\/thebusiness.reviews\/producto\/comprar-resenas\/\" \/>\n<meta property=\"og:url\" content=\"https:\/\/thebusiness.reviews\/es\/producto\/comprar-resenas-mensual\/\" \/>\n<meta property=\"og:site_name\" content=\"The Business Reviews\" \/>\n<meta property=\"article:modified_time\" content=\"2023-05-16T18:32:59+00:00\" \/>\n<meta property=\"og:image\" content=\"https:\/\/thebusiness.reviews\/wp-content\/uploads\/2020\/09\/anuncios-de-display.-1200x627-Bissnes.jpg\" \/>\n\t<meta property=\"og:image:width\" content=\"1200\" \/>\n\t<meta property=\"og:image:height\" content=\"627\" \/>\n\t<meta property=\"og:image:type\" content=\"image\/jpeg\" \/>\n<meta name=\"twitter:card\" content=\"summary_large_image\" \/>\n<script type=\"application\/ld+json\" class=\"yoast-schema-graph\">{\"@context\":\"https:\\\/\\\/schema.org\",\"@graph\":[{\"@type\":\"WebPage\",\"@id\":\"https:\\\/\\\/thebusiness.reviews\\\/es\\\/producto\\\/comprar-resenas-mensual\\\/\",\"url\":\"https:\\\/\\\/thebusiness.reviews\\\/es\\\/producto\\\/comprar-resenas-mensual\\\/\",\"name\":\"Rese\u00f1as Para Google My Business o Fan page de Facebook\",\"isPartOf\":{\"@id\":\"https:\\\/\\\/thebusiness.reviews\\\/es\\\/#website\"},\"primaryImageOfPage\":{\"@id\":\"https:\\\/\\\/thebusiness.reviews\\\/es\\\/producto\\\/comprar-resenas-mensual\\\/#primaryimage\"},\"image\":{\"@id\":\"https:\\\/\\\/thebusiness.reviews\\\/es\\\/producto\\\/comprar-resenas-mensual\\\/#primaryimage\"},\"thumbnailUrl\":\"https:\\\/\\\/thebusiness.reviews\\\/wp-content\\\/uploads\\\/2020\\\/09\\\/anuncios-de-display.-1200x627-Bissnes.jpg\",\"datePublished\":\"2020-10-14T13:23:41+00:00\",\"dateModified\":\"2023-05-16T18:32:59+00:00\",\"breadcrumb\":{\"@id\":\"https:\\\/\\\/thebusiness.reviews\\\/es\\\/producto\\\/comprar-resenas-mensual\\\/#breadcrumb\"},\"inLanguage\":\"es\",\"potentialAction\":[{\"@type\":\"ReadAction\",\"target\":[\"https:\\\/\\\/thebusiness.reviews\\\/es\\\/producto\\\/comprar-resenas-mensual\\\/\"]}]},{\"@type\":\"ImageObject\",\"inLanguage\":\"es\",\"@id\":\"https:\\\/\\\/thebusiness.reviews\\\/es\\\/producto\\\/comprar-resenas-mensual\\\/#primaryimage\",\"url\":\"https:\\\/\\\/thebusiness.reviews\\\/wp-content\\\/uploads\\\/2020\\\/09\\\/anuncios-de-display.-1200x627-Bissnes.jpg\",\"contentUrl\":\"https:\\\/\\\/thebusiness.reviews\\\/wp-content\\\/uploads\\\/2020\\\/09\\\/anuncios-de-display.-1200x627-Bissnes.jpg\",\"width\":1200,\"height\":627},{\"@type\":\"BreadcrumbList\",\"@id\":\"https:\\\/\\\/thebusiness.reviews\\\/es\\\/producto\\\/comprar-resenas-mensual\\\/#breadcrumb\",\"itemListElement\":[{\"@type\":\"ListItem\",\"position\":1,\"name\":\"Portada\",\"item\":\"https:\\\/\\\/thebusiness.reviews\\\/es\\\/\"},{\"@type\":\"ListItem\",\"position\":2,\"name\":\"Rese\u00f1as Para Google My Business o Fan page de Facebook\"}]},{\"@type\":\"WebSite\",\"@id\":\"https:\\\/\\\/thebusiness.reviews\\\/es\\\/#website\",\"url\":\"https:\\\/\\\/thebusiness.reviews\\\/es\\\/\",\"name\":\"The Business Reviews\",\"description\":\"\",\"potentialAction\":[{\"@type\":\"SearchAction\",\"target\":{\"@type\":\"EntryPoint\",\"urlTemplate\":\"https:\\\/\\\/thebusiness.reviews\\\/es\\\/?s={search_term_string}\"},\"query-input\":{\"@type\":\"PropertyValueSpecification\",\"valueRequired\":true,\"valueName\":\"search_term_string\"}}],\"inLanguage\":\"es\"},{\"@context\":\"https:\\\/\\\/schema.org\\\/\",\"@type\":\"Product\",\"name\":\"Rese\u00f1as Para Google My Business o Fan page de Facebook\",\"description\":\"\",\"image\":{\"@type\":\"ImageObject\",\"url\":\"https:\\\/\\\/thebusiness.reviews\\\/wp-content\\\/uploads\\\/2020\\\/09\\\/anuncios-de-display.-1200x627-Bissnes.jpg\",\"width\":1200,\"height\":627},\"aggregateRating\":{\"@type\":\"AggregateRating\",\"ratingValue\":5,\"ratingCount\":1,\"bestRating\":5,\"worstRating\":1},\"brand\":{\"@type\":\"Brand\",\"name\":\"\"},\"sku\":\"\",\"gtin8\":\"\"}]}<\/script>\n<!-- \/ Yoast SEO Premium plugin. -->","yoast_head_json":{"title":"Rese\u00f1as Para Google My Business o Fan page de Facebook","robots":{"index":"index","follow":"follow","max-snippet":"max-snippet:-1","max-image-preview":"max-image-preview:large","max-video-preview":"max-video-preview:-1"},"canonical":"https:\/\/thebusiness.reviews\/es\/producto\/comprar-resenas-mensual\/","og_locale":"es_ES","og_type":"article","og_title":"Rese\u00f1as Para Google My Business o Fan page de Facebook","og_description":"Entre m\u00e1s rese\u00f1as compres m\u00e1s barato cuestan, se pueden usar para todos los negocios que tengas de Google My business y Fan page de Facebook, despues de comprar podr\u00e1s utilizarlas en : https:\/\/panel.thebusiness.reviews\/register.  Rese\u00f1as de usuarios 100% Reales segmentados por pa\u00eds que elijas, no bots, nombres reales, tenemos en: Espa\u00f1a, M\u00e9xico, Chile, Argentina, Colombia y todo habla hispana.  Tambi\u00e9n contamos con rese\u00f1as bajo demanda, sin plan mensual en: https:\/\/thebusiness.reviews\/producto\/comprar-resenas\/","og_url":"https:\/\/thebusiness.reviews\/es\/producto\/comprar-resenas-mensual\/","og_site_name":"The Business Reviews","article_modified_time":"2023-05-16T18:32:59+00:00","og_image":[{"width":1200,"height":627,"url":"https:\/\/thebusiness.reviews\/wp-content\/uploads\/2020\/09\/anuncios-de-display.-1200x627-Bissnes.jpg","type":"image\/jpeg"}],"twitter_card":"summary_large_image","schema":{"@context":"https:\/\/schema.org","@graph":[{"@type":"WebPage","@id":"https:\/\/thebusiness.reviews\/es\/producto\/comprar-resenas-mensual\/","url":"https:\/\/thebusiness.reviews\/es\/producto\/comprar-resenas-mensual\/","name":"Rese\u00f1as Para Google My Business o Fan page de Facebook","isPartOf":{"@id":"https:\/\/thebusiness.reviews\/es\/#website"},"primaryImageOfPage":{"@id":"https:\/\/thebusiness.reviews\/es\/producto\/comprar-resenas-mensual\/#primaryimage"},"image":{"@id":"https:\/\/thebusiness.reviews\/es\/producto\/comprar-resenas-mensual\/#primaryimage"},"thumbnailUrl":"https:\/\/thebusiness.reviews\/wp-content\/uploads\/2020\/09\/anuncios-de-display.-1200x627-Bissnes.jpg","datePublished":"2020-10-14T13:23:41+00:00","dateModified":"2023-05-16T18:32:59+00:00","breadcrumb":{"@id":"https:\/\/thebusiness.reviews\/es\/producto\/comprar-resenas-mensual\/#breadcrumb"},"inLanguage":"es","potentialAction":[{"@type":"ReadAction","target":["https:\/\/thebusiness.reviews\/es\/producto\/comprar-resenas-mensual\/"]}]},{"@type":"ImageObject","inLanguage":"es","@id":"https:\/\/thebusiness.reviews\/es\/producto\/comprar-resenas-mensual\/#primaryimage","url":"https:\/\/thebusiness.reviews\/wp-content\/uploads\/2020\/09\/anuncios-de-display.-1200x627-Bissnes.jpg","contentUrl":"https:\/\/thebusiness.reviews\/wp-content\/uploads\/2020\/09\/anuncios-de-display.-1200x627-Bissnes.jpg","width":1200,"height":627},{"@type":"BreadcrumbList","@id":"https:\/\/thebusiness.reviews\/es\/producto\/comprar-resenas-mensual\/#breadcrumb","itemListElement":[{"@type":"ListItem","position":1,"name":"Portada","item":"https:\/\/thebusiness.reviews\/es\/"},{"@type":"ListItem","position":2,"name":"Rese\u00f1as Para Google My Business o Fan page de Facebook"}]},{"@type":"WebSite","@id":"https:\/\/thebusiness.reviews\/es\/#website","url":"https:\/\/thebusiness.reviews\/es\/","name":"The Business Reviews","description":"","potentialAction":[{"@type":"SearchAction","target":{"@type":"EntryPoint","urlTemplate":"https:\/\/thebusiness.reviews\/es\/?s={search_term_string}"},"query-input":{"@type":"PropertyValueSpecification","valueRequired":true,"valueName":"search_term_string"}}],"inLanguage":"es"},{"@context":"https:\/\/schema.org\/","@type":"Product","name":"Rese\u00f1as Para Google My Business o Fan page de Facebook","description":"","image":{"@type":"ImageObject","url":"https:\/\/thebusiness.reviews\/wp-content\/uploads\/2020\/09\/anuncios-de-display.-1200x627-Bissnes.jpg","width":1200,"height":627},"aggregateRating":{"@type":"AggregateRating","ratingValue":5,"ratingCount":1,"bestRating":5,"worstRating":1},"brand":{"@type":"Brand","name":""},"sku":"","gtin8":""}]}},"yasr_visitor_votes":{"stars_attributes":{"read_only":false,"span_bottom":false},"number_of_votes":1,"sum_votes":5},"_links":{"self":[{"href":"https:\/\/thebusiness.reviews\/es\/wp-json\/wp\/v2\/product\/968","targetHints":{"allow":["GET"]}}],"collection":[{"href":"https:\/\/thebusiness.reviews\/es\/wp-json\/wp\/v2\/product"}],"about":[{"href":"https:\/\/thebusiness.reviews\/es\/wp-json\/wp\/v2\/types\/product"}],"replies":[{"embeddable":true,"href":"https:\/\/thebusiness.reviews\/es\/wp-json\/wp\/v2\/comments?post=968"}],"wp:featuredmedia":[{"embeddable":true,"href":"https:\/\/thebusiness.reviews\/es\/wp-json\/wp\/v2\/media\/887"}],"wp:attachment":[{"href":"https:\/\/thebusiness.reviews\/es\/wp-json\/wp\/v2\/media?parent=968"}],"wp:term":[{"taxonomy":"product_brand","embeddable":true,"href":"https:\/\/thebusiness.reviews\/es\/wp-json\/wp\/v2\/product_brand?post=968"},{"taxonomy":"product_cat","embeddable":true,"href":"https:\/\/thebusiness.reviews\/es\/wp-json\/wp\/v2\/product_cat?post=968"},{"taxonomy":"product_tag","embeddable":true,"href":"https:\/\/thebusiness.reviews\/es\/wp-json\/wp\/v2\/product_tag?post=968"}],"curies":[{"name":"wp","href":"https:\/\/api.w.org\/{rel}","templated":true}]}}