{"id":242832,"date":"2022-01-24T19:47:08","date_gmt":"2022-01-25T01:47:08","guid":{"rendered":"https:\/\/thebusiness.reviews\/politik-zur-betrugsbekaempfung\/"},"modified":"2022-01-24T19:47:08","modified_gmt":"2022-01-25T01:47:08","slug":"politik-zur-betrugsbekaempfung","status":"publish","type":"page","link":"https:\/\/thebusiness.reviews\/de\/politik-zur-betrugsbekaempfung\/","title":{"rendered":"Politik zur Betrugsbek\u00e4mpfung"},"content":{"rendered":"<p>[et_pb_section fb_built=&#8220;1&#8243; _builder_version=&#8220;4.10.6&#8243; _module_preset=&#8220;default&#8220; global_colors_info=&#8220;{}&#8220;][et_pb_row _builder_version=&#8220;4.10.6&#8243; _module_preset=&#8220;default&#8220; global_colors_info=&#8220;{}&#8220;][et_pb_column type=&#8220;4_4&#8243; _builder_version=&#8220;4.10.6&#8243; _module_preset=&#8220;default&#8220; global_colors_info=&#8220;{}&#8220;][et_pb_text _builder_version=&#8220;4.10.6&#8243; _module_preset=&#8220;default&#8220; global_colors_info=&#8220;{}&#8220;]<\/p>\n<div class=\"page-content\">\n<section id=\"antifraud\">\n<div class=\"features-bg\">\n<div class=\"container\">\n<div class=\"heading\">\n<p><strong>Politik zur Betrugsbek\u00e4mpfung<\/strong><\/p>\n<p><strong>Verantwortung<\/strong><\/p>\n<p>Nach der Registrierung im Dienst ist der Nutzer f\u00fcr die Richtigkeit der angegebenen Daten sowie f\u00fcr die korrekte Verwendung derselben verantwortlich. Busienss Reviews S.A. DE C.V. kann jeden Benutzer, der falsche Daten angegeben hat, vom Zugriff auf die Website ausschlie\u00dfen, unbeschadet aller anderen Ma\u00dfnahmen, die gesetzlich anwendbar sein k\u00f6nnen.<\/p>\n<p>Die Busienss Reviews S.A. DE C.V. ist von jeglicher Haftung befreit, die sich aus einer unsachgem\u00e4\u00dfen oder fahrl\u00e4ssigen Nutzung ergeben k\u00f6nnte, indem sie die folgenden Ma\u00dfnahmen in Bezug auf die folgenden Themen ergreift:<\/p>\n<p><strong>Was gilt als Spam?<\/strong><\/p>\n<p>Spam besteht aus dem Senden einer E-Mail an eine unbekannte Person, die die Informationen nicht ausdr\u00fccklich angefordert hat, sowie aus Nachrichten in Newsgroups, Diskussionsgruppen (Foren), Pinnw\u00e4nden oder Chats in Zusammenh\u00e4ngen, die nicht zum Thema von Jobs Online geh\u00f6ren.<\/p>\n<p><strong>Was ist unsere Anti-Spam-Politik?<\/strong><\/p>\n<p>Jobs Online l\u00e4sst derartige Praktiken unter keinen Umst\u00e4nden zu. Aus diesem Grund wird der Nutzer, der spammt, sofort von dem Dienst abgemeldet und verliert sein bis dahin angesammeltes Guthaben. Der Grund daf\u00fcr ist einfach: Spam ver\u00e4rgert nicht nur die Internetnutzer, sondern verursacht laut einer Studie der Europ\u00e4ischen Kommission auch einen j\u00e4hrlichen Verlust in Milliardenh\u00f6he.<\/p>\n<p><strong>Was ist im Falle von Spam zu tun?<\/strong><\/p>\n<p>Wenn Sie den Verdacht haben, dass Sie irgendeine Art von Spam von einem Jobs Online-Mitglied erhalten haben, benachrichtigen Sie uns bitte \u00fcber das Kontaktformular, damit wir die entsprechenden Ma\u00dfnahmen ergreifen k\u00f6nnen. Bitte geben Sie uns so viele Informationen wie m\u00f6glich, damit wir die Quelle des Spams \u00fcberpr\u00fcfen k\u00f6nnen.<\/p>\n<p><strong>DAS GESETZ \u00dcBER DIE DIENSTE DER INFORMATIONSGESELLSCHAFT UND DEN ELEKTRONISCHEN GESCH\u00c4FTSVERKEHR<\/strong><\/p>\n<p>Die Datenschutzpolitik und die Nutzungsbedingungen von The Busienss Reviews S.A. DE C.V. gehen mit \u00e4u\u00dferster Sorgfalt bei der Erfassung und dem Schutz der Daten unserer Nutzer vor, mit den folgenden Ma\u00dfnahmen:<\/p>\n<ul>\n<li>Verwendung des Double-Opt-In-Registrierungssystems zur \u00dcberpr\u00fcfung der Daten.<\/li>\n<li>Die M\u00f6glichkeit, sich jederzeit abzumelden, indem alle Daten sofort gel\u00f6scht werden.<\/li>\n<li>Einholung der Erlaubnis, welche Werbung gew\u00fcnscht wird und wie oft.<\/li>\n<li>Bieten Sie dem Benutzer einen sicheren privaten Bereich, in dem er die eingegebenen Daten einsehen und \u00e4ndern kann.<\/li>\n<li>Ohne die vorherige Zustimmung des Benutzers, nie verkaufen, um Unternehmen au\u00dferhalb der Busienss Reviews S.A. DE C.V..<\/li>\n<\/ul>\n<p><strong>Welche anderen F\u00e4lle gelten als Urlaubsgr\u00fcnde?<\/strong><\/p>\n<p>Die Busienss Reviews S.A. DE C.V. gew\u00e4hrleistet nicht nur den Schutz der Daten ihrer Besitzer, sondern auch deren Wahrhaftigkeit, so dass zus\u00e4tzlich zu Spam, ein Benutzer f\u00fcr den Beitritt zwei oder mehr Konten oder f\u00fcr die Registrierung mit betr\u00fcgerischen Daten (z. B.: nicht existierende E-Mail, nicht existierende Handy, etc&#8230;) ausgeschlossen werden.<\/p>\n<p>Sie k\u00f6nnen nur einer Jobs Online Gemeinschaft angeh\u00f6ren und nur in einem Land registriert sein. Die Zugeh\u00f6rigkeit zu mehreren ist ein Grund f\u00fcr den Ausschluss und die automatische L\u00f6schung des Nutzers. Wenn der Nutzer in demselben (oder einem anderen) Land registriert ist und vor\u00fcbergehend E-Mails erh\u00e4lt, die als Betrug erkannt werden, ist dies ebenfalls ein Grund f\u00fcr Jobs Online, das Abonnement zu k\u00fcndigen.<\/p>\n<p>Drei aufeinanderfolgende Bounces beim Versand von Nachrichten bedeuten die K\u00fcndigung des Dienstes, da das E-Mail-Konto als fehlerhaft angesehen wird.<\/p>\n<p>Verweise von irref\u00fchrenden Links\/Seiten, die nicht der Philosophie des Dienstes entsprechen.<\/p>\n<p><strong>\u00dcber Jobs Online<\/strong><\/p>\n<p>&nbsp;<\/p>\n<\/div>\n<\/div>\n<\/div>\n<\/section>\n<\/div>\n<p>[\/et_pb_text][\/et_pb_column][\/et_pb_row][\/et_pb_section]<\/p>\n<div style='text-align:center' class='yasr-auto-insert-visitor'><!--Yasr Visitor Votes Shortcode--><div id='yasr_visitor_votes_7fcbd6e22f973' class='yasr-visitor-votes'><div class=\"yasr-custom-text-vv-before yasr-custom-text-vv-before-242832\">\u00a1Haz clic para puntuar esta entrada!<\/div><div id='yasr-vv-second-row-container-7fcbd6e22f973'\r\n                                        class='yasr-vv-second-row-container'><div id='yasr-visitor-votes-rater-7fcbd6e22f973'\r\n                                      class='yasr-rater-stars-vv'\r\n                                      data-rater-postid='242832'\r\n                                      data-rating='0'\r\n                                      data-rater-starsize='32'\r\n                                      data-rater-readonly='false'\r\n                                      data-rater-nonce='551d4c0740'\r\n                                      data-issingular='false'\r\n                                    ><\/div><div class=\"yasr-vv-stats-text-container\" id=\"yasr-vv-stats-text-container-7fcbd6e22f973\"><svg xmlns=\"https:\/\/www.w3.org\/2000\/svg\" width=\"20\" height=\"20\"\r\n                                   class=\"yasr-dashicons-visitor-stats\"\r\n                                   data-postid=\"242832\"\r\n                                   id=\"yasr-stats-dashicon-7fcbd6e22f973\">\r\n                                   <path d=\"M18 18v-16h-4v16h4zM12 18v-11h-4v11h4zM6 18v-8h-4v8h4z\"><\/path>\r\n                               <\/svg><span id=\"yasr-vv-text-container-7fcbd6e22f973\" class=\"yasr-vv-text-container\">(Votos: <span id=\"yasr-vv-votes-number-container-7fcbd6e22f973\">0<\/span>  Promedio: <span id=\"yasr-vv-average-container-7fcbd6e22f973\">0<\/span>)<\/span><\/div><div id='yasr-vv-loader-7fcbd6e22f973' class='yasr-vv-container-loader'><\/div><\/div><div id='yasr-vv-bottom-container-7fcbd6e22f973' class='yasr-vv-bottom-container'><\/div><\/div><!--End Yasr Visitor Votes Shortcode--><\/div>","protected":false},"excerpt":{"rendered":"<p>Politik zur Betrugsbek\u00e4mpfung Verantwortung Nach der Registrierung im Dienst ist der Nutzer f\u00fcr die Richtigkeit der angegebenen Daten sowie f\u00fcr die korrekte Verwendung derselben verantwortlich. Busienss Reviews S.A. DE C.V. kann jeden Benutzer, der falsche Daten angegeben hat, vom Zugriff auf die Website ausschlie\u00dfen, unbeschadet aller anderen Ma\u00dfnahmen, die gesetzlich anwendbar sein k\u00f6nnen. Die Busienss [&hellip;]<\/p>\n","protected":false},"author":1,"featured_media":0,"parent":0,"menu_order":0,"comment_status":"open","ping_status":"closed","template":"","meta":{"_et_pb_use_builder":"on","_et_pb_old_content":"","_et_gb_content_width":"","yasr_overall_rating":0,"yasr_post_is_review":"","yasr_auto_insert_disabled":"","yasr_review_type":"","footnotes":""},"class_list":["post-242832","page","type-page","status-publish","hentry"],"yoast_head":"<!-- This site is optimized with the Yoast SEO Premium plugin v21.5 (Yoast SEO v27.3) - https:\/\/yoast.com\/product\/yoast-seo-premium-wordpress\/ -->\n<title>Politik zur Betrugsbek\u00e4mpfung - The Business Reviews<\/title>\n<meta name=\"robots\" content=\"index, follow, max-snippet:-1, max-image-preview:large, max-video-preview:-1\" \/>\n<link rel=\"canonical\" href=\"https:\/\/thebusiness.reviews\/de\/politik-zur-betrugsbekaempfung\/\" \/>\n<meta property=\"og:locale\" content=\"de_DE\" \/>\n<meta property=\"og:type\" content=\"article\" \/>\n<meta property=\"og:title\" content=\"Politik zur Betrugsbek\u00e4mpfung\" \/>\n<meta property=\"og:description\" content=\"Politik zur Betrugsbek\u00e4mpfung Verantwortung Nach der Registrierung im Dienst ist der Nutzer f\u00fcr die Richtigkeit der angegebenen Daten sowie f\u00fcr die korrekte Verwendung derselben verantwortlich. Busienss Reviews S.A. DE C.V. kann jeden Benutzer, der falsche Daten angegeben hat, vom Zugriff auf die Website ausschlie\u00dfen, unbeschadet aller anderen Ma\u00dfnahmen, die gesetzlich anwendbar sein k\u00f6nnen. Die Busienss [&hellip;]\" \/>\n<meta property=\"og:url\" content=\"https:\/\/thebusiness.reviews\/de\/politik-zur-betrugsbekaempfung\/\" \/>\n<meta property=\"og:site_name\" content=\"The Business Reviews\" \/>\n<meta name=\"twitter:card\" content=\"summary_large_image\" \/>\n<meta name=\"twitter:label1\" content=\"Gesch\u00e4tzte Lesezeit\" \/>\n\t<meta name=\"twitter:data1\" content=\"3\u00a0Minuten\" \/>\n<script type=\"application\/ld+json\" class=\"yoast-schema-graph\">{\"@context\":\"https:\\\/\\\/schema.org\",\"@graph\":[{\"@type\":\"WebPage\",\"@id\":\"https:\\\/\\\/thebusiness.reviews\\\/de\\\/politik-zur-betrugsbekaempfung\\\/\",\"url\":\"https:\\\/\\\/thebusiness.reviews\\\/de\\\/politik-zur-betrugsbekaempfung\\\/\",\"name\":\"Politik zur Betrugsbek\u00e4mpfung - The Business Reviews\",\"isPartOf\":{\"@id\":\"https:\\\/\\\/thebusiness.reviews\\\/de\\\/#website\"},\"datePublished\":\"2022-01-25T01:47:08+00:00\",\"breadcrumb\":{\"@id\":\"https:\\\/\\\/thebusiness.reviews\\\/de\\\/politik-zur-betrugsbekaempfung\\\/#breadcrumb\"},\"inLanguage\":\"de\",\"potentialAction\":[{\"@type\":\"ReadAction\",\"target\":[\"https:\\\/\\\/thebusiness.reviews\\\/de\\\/politik-zur-betrugsbekaempfung\\\/\"]}]},{\"@type\":\"BreadcrumbList\",\"@id\":\"https:\\\/\\\/thebusiness.reviews\\\/de\\\/politik-zur-betrugsbekaempfung\\\/#breadcrumb\",\"itemListElement\":[{\"@type\":\"ListItem\",\"position\":1,\"name\":\"Portada\",\"item\":\"https:\\\/\\\/thebusiness.reviews\\\/de\\\/\"},{\"@type\":\"ListItem\",\"position\":2,\"name\":\"Politik zur Betrugsbek\u00e4mpfung\"}]},{\"@type\":\"WebSite\",\"@id\":\"https:\\\/\\\/thebusiness.reviews\\\/de\\\/#website\",\"url\":\"https:\\\/\\\/thebusiness.reviews\\\/de\\\/\",\"name\":\"The Business Reviews\",\"description\":\"\",\"potentialAction\":[{\"@type\":\"SearchAction\",\"target\":{\"@type\":\"EntryPoint\",\"urlTemplate\":\"https:\\\/\\\/thebusiness.reviews\\\/de\\\/?s={search_term_string}\"},\"query-input\":{\"@type\":\"PropertyValueSpecification\",\"valueRequired\":true,\"valueName\":\"search_term_string\"}}],\"inLanguage\":\"de\"},false]}<\/script>\n<!-- \/ Yoast SEO Premium plugin. -->","yoast_head_json":{"title":"Politik zur Betrugsbek\u00e4mpfung - The Business Reviews","robots":{"index":"index","follow":"follow","max-snippet":"max-snippet:-1","max-image-preview":"max-image-preview:large","max-video-preview":"max-video-preview:-1"},"canonical":"https:\/\/thebusiness.reviews\/de\/politik-zur-betrugsbekaempfung\/","og_locale":"de_DE","og_type":"article","og_title":"Politik zur Betrugsbek\u00e4mpfung","og_description":"Politik zur Betrugsbek\u00e4mpfung Verantwortung Nach der Registrierung im Dienst ist der Nutzer f\u00fcr die Richtigkeit der angegebenen Daten sowie f\u00fcr die korrekte Verwendung derselben verantwortlich. Busienss Reviews S.A. DE C.V. kann jeden Benutzer, der falsche Daten angegeben hat, vom Zugriff auf die Website ausschlie\u00dfen, unbeschadet aller anderen Ma\u00dfnahmen, die gesetzlich anwendbar sein k\u00f6nnen. Die Busienss [&hellip;]","og_url":"https:\/\/thebusiness.reviews\/de\/politik-zur-betrugsbekaempfung\/","og_site_name":"The Business Reviews","twitter_card":"summary_large_image","twitter_misc":{"Gesch\u00e4tzte Lesezeit":"3\u00a0Minuten"},"schema":{"@context":"https:\/\/schema.org","@graph":[{"@type":"WebPage","@id":"https:\/\/thebusiness.reviews\/de\/politik-zur-betrugsbekaempfung\/","url":"https:\/\/thebusiness.reviews\/de\/politik-zur-betrugsbekaempfung\/","name":"Politik zur Betrugsbek\u00e4mpfung - The Business Reviews","isPartOf":{"@id":"https:\/\/thebusiness.reviews\/de\/#website"},"datePublished":"2022-01-25T01:47:08+00:00","breadcrumb":{"@id":"https:\/\/thebusiness.reviews\/de\/politik-zur-betrugsbekaempfung\/#breadcrumb"},"inLanguage":"de","potentialAction":[{"@type":"ReadAction","target":["https:\/\/thebusiness.reviews\/de\/politik-zur-betrugsbekaempfung\/"]}]},{"@type":"BreadcrumbList","@id":"https:\/\/thebusiness.reviews\/de\/politik-zur-betrugsbekaempfung\/#breadcrumb","itemListElement":[{"@type":"ListItem","position":1,"name":"Portada","item":"https:\/\/thebusiness.reviews\/de\/"},{"@type":"ListItem","position":2,"name":"Politik zur Betrugsbek\u00e4mpfung"}]},{"@type":"WebSite","@id":"https:\/\/thebusiness.reviews\/de\/#website","url":"https:\/\/thebusiness.reviews\/de\/","name":"The Business Reviews","description":"","potentialAction":[{"@type":"SearchAction","target":{"@type":"EntryPoint","urlTemplate":"https:\/\/thebusiness.reviews\/de\/?s={search_term_string}"},"query-input":{"@type":"PropertyValueSpecification","valueRequired":true,"valueName":"search_term_string"}}],"inLanguage":"de"},false]}},"yasr_visitor_votes":{"stars_attributes":{"read_only":false,"span_bottom":false},"number_of_votes":0,"sum_votes":0},"_links":{"self":[{"href":"https:\/\/thebusiness.reviews\/de\/wp-json\/wp\/v2\/pages\/242832","targetHints":{"allow":["GET"]}}],"collection":[{"href":"https:\/\/thebusiness.reviews\/de\/wp-json\/wp\/v2\/pages"}],"about":[{"href":"https:\/\/thebusiness.reviews\/de\/wp-json\/wp\/v2\/types\/page"}],"author":[{"embeddable":true,"href":"https:\/\/thebusiness.reviews\/de\/wp-json\/wp\/v2\/users\/1"}],"replies":[{"embeddable":true,"href":"https:\/\/thebusiness.reviews\/de\/wp-json\/wp\/v2\/comments?post=242832"}],"version-history":[{"count":0,"href":"https:\/\/thebusiness.reviews\/de\/wp-json\/wp\/v2\/pages\/242832\/revisions"}],"wp:attachment":[{"href":"https:\/\/thebusiness.reviews\/de\/wp-json\/wp\/v2\/media?parent=242832"}],"curies":[{"name":"wp","href":"https:\/\/api.w.org\/{rel}","templated":true}]}}